{"id":969,"date":"2020-11-14T16:18:35","date_gmt":"2020-11-14T16:18:35","guid":{"rendered":"http:\/\/ottmars-holzwerkstatt.de\/?page_id=969"},"modified":"2020-11-14T16:52:22","modified_gmt":"2020-11-14T16:52:22","slug":"tiroler-vogelhaus-almhuette-1","status":"publish","type":"page","link":"https:\/\/ottmars-holzwerkstatt.de\/?page_id=969","title":{"rendered":"Tiroler Vogelh\u00e4user &#8222;Almh\u00fctte&#8220;"},"content":{"rendered":"<p>Hier sehen Sie unsere zwei Varianten unserer &#8222;Almh\u00fctten&#8220;, Vogelh\u00e4user im Tiroler Stil.<\/p>\n<p>Ma\u00dfe: Bodenplatte 60cm x 60cm, H\u00f6he des Hauses 40cm<\/p>\n<p>Preis auf Anfrage.<\/p>\n<p>&nbsp;<\/p>\n<p><em>(durch Anklicken vergr\u00f6\u00dfern sich die Bilder)<\/em><\/p>\n<div id=\"maxgallery-970\" class=\"mg-image-tiles borderless\">\t<div class=\"mg-thumbs mg-fourcol\">\t\t<ul><li>\t<a class='lightbox-970' href='https:\/\/ottmars-holzwerkstatt.de\/wp-content\/uploads\/2020\/11\/8786E5D3-C47B-4EDE-AF44-5A77339C9EEB.jpeg'  title='' aria-haspopup='dialog' data-lightbox-gallery='gallery-970' >\t\t<div class=\"\"><img class=\"mg_lazy\" data-src=\"https:\/\/ottmars-holzwerkstatt.de\/wp-content\/uploads\/2020\/11\/8786E5D3-C47B-4EDE-AF44-5A77339C9EEB-250x250.jpeg\" width=\"250\" height=\"250\" alt=\"\" title=\"8786E5D3-C47B-4EDE-AF44-5A77339C9EEB\" \/><noscript><img src=\"https:\/\/ottmars-holzwerkstatt.de\/wp-content\/uploads\/2020\/11\/8786E5D3-C47B-4EDE-AF44-5A77339C9EEB-250x250.jpeg\" width=\"250\" height=\"250\" alt=\"\" \/><\/noscript>\t\t<\/div>\t<\/a><\/li><li>\t<a class='lightbox-970' href='https:\/\/ottmars-holzwerkstatt.de\/wp-content\/uploads\/2020\/11\/F7E2E97F-B615-471F-8A57-DDEF939EC6CB.jpeg'  title='' aria-haspopup='dialog' data-lightbox-gallery='gallery-970' >\t\t<div class=\"\"><img class=\"mg_lazy\" data-src=\"https:\/\/ottmars-holzwerkstatt.de\/wp-content\/uploads\/2020\/11\/F7E2E97F-B615-471F-8A57-DDEF939EC6CB-250x250.jpeg\" width=\"250\" height=\"250\" alt=\"\" title=\"F7E2E97F-B615-471F-8A57-DDEF939EC6CB\" \/><noscript><img src=\"https:\/\/ottmars-holzwerkstatt.de\/wp-content\/uploads\/2020\/11\/F7E2E97F-B615-471F-8A57-DDEF939EC6CB-250x250.jpeg\" width=\"250\" height=\"250\" alt=\"\" \/><\/noscript>\t\t<\/div>\t<\/a><\/li><li>\t<a class='lightbox-970' href='https:\/\/ottmars-holzwerkstatt.de\/wp-content\/uploads\/2020\/11\/B13D6526-4606-4B39-BE6D-D92C5E7F8FAA.jpeg'  title='' aria-haspopup='dialog' data-lightbox-gallery='gallery-970' >\t\t<div class=\"\"><img class=\"mg_lazy\" data-src=\"https:\/\/ottmars-holzwerkstatt.de\/wp-content\/uploads\/2020\/11\/B13D6526-4606-4B39-BE6D-D92C5E7F8FAA-250x250.jpeg\" width=\"250\" height=\"250\" alt=\"\" title=\"B13D6526-4606-4B39-BE6D-D92C5E7F8FAA\" \/><noscript><img src=\"https:\/\/ottmars-holzwerkstatt.de\/wp-content\/uploads\/2020\/11\/B13D6526-4606-4B39-BE6D-D92C5E7F8FAA-250x250.jpeg\" width=\"250\" height=\"250\" alt=\"\" \/><\/noscript>\t\t<\/div>\t<\/a><\/li><li>\t<a class='lightbox-970' href='https:\/\/ottmars-holzwerkstatt.de\/wp-content\/uploads\/2020\/11\/143BA1FE-943B-492D-9A81-63A47C76B0D7.jpeg'  title='' aria-haspopup='dialog' data-lightbox-gallery='gallery-970' >\t\t<div class=\"\"><img class=\"mg_lazy\" data-src=\"https:\/\/ottmars-holzwerkstatt.de\/wp-content\/uploads\/2020\/11\/143BA1FE-943B-492D-9A81-63A47C76B0D7-250x250.jpeg\" width=\"250\" height=\"250\" alt=\"\" title=\"143BA1FE-943B-492D-9A81-63A47C76B0D7\" \/><noscript><img src=\"https:\/\/ottmars-holzwerkstatt.de\/wp-content\/uploads\/2020\/11\/143BA1FE-943B-492D-9A81-63A47C76B0D7-250x250.jpeg\" width=\"250\" height=\"250\" alt=\"\" \/><\/noscript>\t\t<\/div>\t<\/a><\/li><li>\t<a class='lightbox-970' href='https:\/\/ottmars-holzwerkstatt.de\/wp-content\/uploads\/2020\/11\/9248128B-960E-4ACA-99A2-1C5371BC7A0C.jpeg'  title='' aria-haspopup='dialog' data-lightbox-gallery='gallery-970' >\t\t<div class=\"\"><img class=\"mg_lazy\" data-src=\"https:\/\/ottmars-holzwerkstatt.de\/wp-content\/uploads\/2020\/11\/9248128B-960E-4ACA-99A2-1C5371BC7A0C-250x250.jpeg\" width=\"250\" height=\"250\" alt=\"\" title=\"9248128B-960E-4ACA-99A2-1C5371BC7A0C\" \/><noscript><img src=\"https:\/\/ottmars-holzwerkstatt.de\/wp-content\/uploads\/2020\/11\/9248128B-960E-4ACA-99A2-1C5371BC7A0C-250x250.jpeg\" width=\"250\" height=\"250\" alt=\"\" \/><\/noscript>\t\t<\/div>\t<\/a><\/li><li>\t<a class='lightbox-970' href='https:\/\/ottmars-holzwerkstatt.de\/wp-content\/uploads\/2020\/11\/02F4695D-EB87-4CE7-AA7C-4A28705B7174.jpeg'  title='' aria-haspopup='dialog' data-lightbox-gallery='gallery-970' >\t\t<div class=\"\"><img class=\"mg_lazy\" data-src=\"https:\/\/ottmars-holzwerkstatt.de\/wp-content\/uploads\/2020\/11\/02F4695D-EB87-4CE7-AA7C-4A28705B7174-250x250.jpeg\" width=\"250\" height=\"250\" alt=\"\" title=\"02F4695D-EB87-4CE7-AA7C-4A28705B7174\" \/><noscript><img src=\"https:\/\/ottmars-holzwerkstatt.de\/wp-content\/uploads\/2020\/11\/02F4695D-EB87-4CE7-AA7C-4A28705B7174-250x250.jpeg\" width=\"250\" height=\"250\" alt=\"\" \/><\/noscript>\t\t<\/div>\t<\/a><\/li><li>\t<a class='lightbox-970' href='https:\/\/ottmars-holzwerkstatt.de\/wp-content\/uploads\/2020\/11\/DE6C05FF-F70C-424E-994E-63056907997F.jpeg'  title='' aria-haspopup='dialog' data-lightbox-gallery='gallery-970' >\t\t<div class=\"\"><img class=\"mg_lazy\" data-src=\"https:\/\/ottmars-holzwerkstatt.de\/wp-content\/uploads\/2020\/11\/DE6C05FF-F70C-424E-994E-63056907997F-250x250.jpeg\" width=\"250\" height=\"250\" alt=\"\" title=\"DE6C05FF-F70C-424E-994E-63056907997F\" \/><noscript><img src=\"https:\/\/ottmars-holzwerkstatt.de\/wp-content\/uploads\/2020\/11\/DE6C05FF-F70C-424E-994E-63056907997F-250x250.jpeg\" width=\"250\" height=\"250\" alt=\"\" \/><\/noscript>\t\t<\/div>\t<\/a><\/li><li>\t<a class='lightbox-970' href='https:\/\/ottmars-holzwerkstatt.de\/wp-content\/uploads\/2020\/11\/56C9EEC9-9B5B-466E-85B9-B7DFADF05435.jpeg'  title='' aria-haspopup='dialog' data-lightbox-gallery='gallery-970' >\t\t<div class=\"\"><img class=\"mg_lazy\" data-src=\"https:\/\/ottmars-holzwerkstatt.de\/wp-content\/uploads\/2020\/11\/56C9EEC9-9B5B-466E-85B9-B7DFADF05435-250x250.jpeg\" width=\"250\" height=\"250\" alt=\"\" title=\"56C9EEC9-9B5B-466E-85B9-B7DFADF05435\" \/><noscript><img src=\"https:\/\/ottmars-holzwerkstatt.de\/wp-content\/uploads\/2020\/11\/56C9EEC9-9B5B-466E-85B9-B7DFADF05435-250x250.jpeg\" width=\"250\" height=\"250\" alt=\"\" \/><\/noscript>\t\t<\/div>\t<\/a><\/li><li>\t<a class='lightbox-970' href='https:\/\/ottmars-holzwerkstatt.de\/wp-content\/uploads\/2020\/11\/7F371C46-81EA-4686-AAA4-A3CAD018A31C.jpeg'  title='' aria-haspopup='dialog' data-lightbox-gallery='gallery-970' >\t\t<div class=\"\"><img class=\"mg_lazy\" data-src=\"https:\/\/ottmars-holzwerkstatt.de\/wp-content\/uploads\/2020\/11\/7F371C46-81EA-4686-AAA4-A3CAD018A31C-250x250.jpeg\" width=\"250\" height=\"250\" alt=\"\" title=\"7F371C46-81EA-4686-AAA4-A3CAD018A31C\" \/><noscript><img src=\"https:\/\/ottmars-holzwerkstatt.de\/wp-content\/uploads\/2020\/11\/7F371C46-81EA-4686-AAA4-A3CAD018A31C-250x250.jpeg\" width=\"250\" height=\"250\" alt=\"\" \/><\/noscript>\t\t<\/div>\t<\/a><\/li><li>\t<a class='lightbox-970' href='https:\/\/ottmars-holzwerkstatt.de\/wp-content\/uploads\/2020\/11\/5F7641BD-D914-42FE-8D45-A208093AD032.jpeg'  title='' aria-haspopup='dialog' data-lightbox-gallery='gallery-970' >\t\t<div class=\"\"><img class=\"mg_lazy\" data-src=\"https:\/\/ottmars-holzwerkstatt.de\/wp-content\/uploads\/2020\/11\/5F7641BD-D914-42FE-8D45-A208093AD032-250x250.jpeg\" width=\"250\" height=\"250\" alt=\"\" title=\"5F7641BD-D914-42FE-8D45-A208093AD032\" \/><noscript><img src=\"https:\/\/ottmars-holzwerkstatt.de\/wp-content\/uploads\/2020\/11\/5F7641BD-D914-42FE-8D45-A208093AD032-250x250.jpeg\" width=\"250\" height=\"250\" alt=\"\" \/><\/noscript>\t\t<\/div>\t<\/a><\/li><li>\t<a class='lightbox-970' href='https:\/\/ottmars-holzwerkstatt.de\/wp-content\/uploads\/2020\/11\/1822C164-33FF-479F-87E4-FA1E23D42F83.jpeg'  title='' aria-haspopup='dialog' data-lightbox-gallery='gallery-970' >\t\t<div class=\"\"><img class=\"mg_lazy\" data-src=\"https:\/\/ottmars-holzwerkstatt.de\/wp-content\/uploads\/2020\/11\/1822C164-33FF-479F-87E4-FA1E23D42F83-250x250.jpeg\" width=\"250\" height=\"250\" alt=\"\" title=\"1822C164-33FF-479F-87E4-FA1E23D42F83\" \/><noscript><img src=\"https:\/\/ottmars-holzwerkstatt.de\/wp-content\/uploads\/2020\/11\/1822C164-33FF-479F-87E4-FA1E23D42F83-250x250.jpeg\" width=\"250\" height=\"250\" alt=\"\" \/><\/noscript>\t\t<\/div>\t<\/a><\/li>\t\t<\/ul>\t\t<div class=\"clear\"><\/div>\t<\/div>\t<span style=\"display: none;\" class=\"hidden-image-tiles-gallery-id\">970<\/span>\t<span style=\"display: none;\" class=\"hidden-lightbox-skin\">none<\/span>\t<span style=\"display: none;\" class=\"hidden-lightbox-effect\">none<\/span>\t<span style=\"display: none;\" class=\"hidden-lightbox-kb-nav\">false<\/span>\t<span style=\"display: none;\" class=\"hidden-lightbox-img-click-close\">false<\/span>\t<span style=\"display: none;\" class=\"hidden-lightbox-ol-click-close\">false<\/span>\t<span style=\"display: none;\" class=\"hidden-lightbox-close-tip-text\">Close<\/span>\t<span style=\"display: none;\" class=\"hidden-lightbox-next-tip-text\">Next<\/span>\t<span style=\"display: none;\" class=\"hidden-lightbox-prev-tip-text\">Previous<\/span>\t<span style=\"display: none;\" class=\"hidden-lightbox-error-tip-text\">The requested content cannot be loaded. Please try again later.<\/span><\/div><script>\ndocument.addEventListener(\"DOMContentLoaded\", function(event) { \njQuery(\"img.mg_lazy\").lazyload({threshold : 1});\n});\n<\/script>\n\n<p>&nbsp;<\/p>\n","protected":false},"excerpt":{"rendered":"<p>Hier sehen Sie unsere zwei Varianten unserer &#8222;Almh\u00fctten&#8220;, Vogelh\u00e4user im Tiroler Stil. Ma\u00dfe: Bodenplatte 60cm x 60cm, H\u00f6he des Hauses 40cm Preis auf Anfrage. &nbsp; (durch Anklicken vergr\u00f6\u00dfern sich die Bilder) &nbsp;<\/p>\n","protected":false},"author":2,"featured_media":0,"parent":0,"menu_order":0,"comment_status":"closed","ping_status":"closed","template":"","meta":[],"_links":{"self":[{"href":"https:\/\/ottmars-holzwerkstatt.de\/index.php?rest_route=\/wp\/v2\/pages\/969"}],"collection":[{"href":"https:\/\/ottmars-holzwerkstatt.de\/index.php?rest_route=\/wp\/v2\/pages"}],"about":[{"href":"https:\/\/ottmars-holzwerkstatt.de\/index.php?rest_route=\/wp\/v2\/types\/page"}],"author":[{"embeddable":true,"href":"https:\/\/ottmars-holzwerkstatt.de\/index.php?rest_route=\/wp\/v2\/users\/2"}],"replies":[{"embeddable":true,"href":"https:\/\/ottmars-holzwerkstatt.de\/index.php?rest_route=%2Fwp%2Fv2%2Fcomments&post=969"}],"version-history":[{"count":5,"href":"https:\/\/ottmars-holzwerkstatt.de\/index.php?rest_route=\/wp\/v2\/pages\/969\/revisions"}],"predecessor-version":[{"id":998,"href":"https:\/\/ottmars-holzwerkstatt.de\/index.php?rest_route=\/wp\/v2\/pages\/969\/revisions\/998"}],"wp:attachment":[{"href":"https:\/\/ottmars-holzwerkstatt.de\/index.php?rest_route=%2Fwp%2Fv2%2Fmedia&parent=969"}],"curies":[{"name":"wp","href":"https:\/\/api.w.org\/{rel}","templated":true}]}}