{"id":852,"date":"2020-11-14T16:11:28","date_gmt":"2020-11-14T16:11:28","guid":{"rendered":"http:\/\/ottmars-holzwerkstatt.de\/?page_id=852"},"modified":"2020-11-14T16:52:06","modified_gmt":"2020-11-14T16:52:06","slug":"tiroler-vogelhaeuser","status":"publish","type":"page","link":"https:\/\/ottmars-holzwerkstatt.de\/?page_id=852","title":{"rendered":"Tiroler Vogelh\u00e4user &#8222;Kirchberg&#8220;"},"content":{"rendered":"<p>&nbsp;<\/p>\n<p>Hier sehen Sie unser &#8222;Haus Kirchberg&#8220;, ein Vogelhaus im Tiroler Stil.<\/p>\n<p>Ma\u00dfe: Bodenplatte 80cm x 90cm, H\u00f6he des Hauses 60cm<\/p>\n<p>Preis auf Anfrage.<\/p>\n<p>&nbsp;<\/p>\n<p><em>(Durch Anklicken vergr\u00f6\u00dfern sich die Bilder)<\/em><\/p>\n<div id=\"maxgallery-955\" class=\"mg-image-tiles borderless\">\t<div class=\"mg-thumbs mg-fourcol\">\t\t<ul><li>\t<a class='lightbox-955' href='https:\/\/ottmars-holzwerkstatt.de\/wp-content\/uploads\/2020\/11\/ED073E2D-A916-4F69-8141-A253559E09DE.jpeg'  title='' aria-haspopup='dialog' data-lightbox-gallery='gallery-955' >\t\t<div class=\"\"><img class=\"mg_lazy\" data-src=\"https:\/\/ottmars-holzwerkstatt.de\/wp-content\/uploads\/2020\/11\/ED073E2D-A916-4F69-8141-A253559E09DE-250x250.jpeg\" width=\"250\" height=\"250\" alt=\"\" title=\"ED073E2D-A916-4F69-8141-A253559E09DE\" \/><noscript><img src=\"https:\/\/ottmars-holzwerkstatt.de\/wp-content\/uploads\/2020\/11\/ED073E2D-A916-4F69-8141-A253559E09DE-250x250.jpeg\" width=\"250\" height=\"250\" alt=\"\" \/><\/noscript>\t\t<\/div>\t<\/a><\/li><li>\t<a class='lightbox-955' href='https:\/\/ottmars-holzwerkstatt.de\/wp-content\/uploads\/2020\/11\/788CD74A-1D2C-4114-BEE0-08E24EF17B2E.jpeg'  title='' aria-haspopup='dialog' data-lightbox-gallery='gallery-955' >\t\t<div class=\"\"><img class=\"mg_lazy\" data-src=\"https:\/\/ottmars-holzwerkstatt.de\/wp-content\/uploads\/2020\/11\/788CD74A-1D2C-4114-BEE0-08E24EF17B2E-250x250.jpeg\" width=\"250\" height=\"250\" alt=\"\" title=\"788CD74A-1D2C-4114-BEE0-08E24EF17B2E\" \/><noscript><img src=\"https:\/\/ottmars-holzwerkstatt.de\/wp-content\/uploads\/2020\/11\/788CD74A-1D2C-4114-BEE0-08E24EF17B2E-250x250.jpeg\" width=\"250\" height=\"250\" alt=\"\" \/><\/noscript>\t\t<\/div>\t<\/a><\/li><li>\t<a class='lightbox-955' href='https:\/\/ottmars-holzwerkstatt.de\/wp-content\/uploads\/2020\/11\/3D670026-3C29-4BE1-AC74-B6A98A2BBEA6.jpeg'  title='' aria-haspopup='dialog' data-lightbox-gallery='gallery-955' >\t\t<div class=\"\"><img class=\"mg_lazy\" data-src=\"https:\/\/ottmars-holzwerkstatt.de\/wp-content\/uploads\/2020\/11\/3D670026-3C29-4BE1-AC74-B6A98A2BBEA6-250x250.jpeg\" width=\"250\" height=\"250\" alt=\"\" title=\"3D670026-3C29-4BE1-AC74-B6A98A2BBEA6\" \/><noscript><img src=\"https:\/\/ottmars-holzwerkstatt.de\/wp-content\/uploads\/2020\/11\/3D670026-3C29-4BE1-AC74-B6A98A2BBEA6-250x250.jpeg\" width=\"250\" height=\"250\" alt=\"\" \/><\/noscript>\t\t<\/div>\t<\/a><\/li><li>\t<a class='lightbox-955' href='https:\/\/ottmars-holzwerkstatt.de\/wp-content\/uploads\/2020\/11\/B8EC7242-43AF-4DB5-975F-0E1225B8A52E.jpeg'  title='' aria-haspopup='dialog' data-lightbox-gallery='gallery-955' >\t\t<div class=\"\"><img class=\"mg_lazy\" data-src=\"https:\/\/ottmars-holzwerkstatt.de\/wp-content\/uploads\/2020\/11\/B8EC7242-43AF-4DB5-975F-0E1225B8A52E-250x250.jpeg\" width=\"250\" height=\"250\" alt=\"\" title=\"B8EC7242-43AF-4DB5-975F-0E1225B8A52E\" \/><noscript><img src=\"https:\/\/ottmars-holzwerkstatt.de\/wp-content\/uploads\/2020\/11\/B8EC7242-43AF-4DB5-975F-0E1225B8A52E-250x250.jpeg\" width=\"250\" height=\"250\" alt=\"\" \/><\/noscript>\t\t<\/div>\t<\/a><\/li><li>\t<a class='lightbox-955' href='https:\/\/ottmars-holzwerkstatt.de\/wp-content\/uploads\/2020\/11\/E7AE4D15-2F69-45C0-9BAB-6052CEFEE3DC.jpeg'  title='' aria-haspopup='dialog' data-lightbox-gallery='gallery-955' >\t\t<div class=\"\"><img class=\"mg_lazy\" data-src=\"https:\/\/ottmars-holzwerkstatt.de\/wp-content\/uploads\/2020\/11\/E7AE4D15-2F69-45C0-9BAB-6052CEFEE3DC-250x250.jpeg\" width=\"250\" height=\"250\" alt=\"\" title=\"E7AE4D15-2F69-45C0-9BAB-6052CEFEE3DC\" \/><noscript><img src=\"https:\/\/ottmars-holzwerkstatt.de\/wp-content\/uploads\/2020\/11\/E7AE4D15-2F69-45C0-9BAB-6052CEFEE3DC-250x250.jpeg\" width=\"250\" height=\"250\" alt=\"\" \/><\/noscript>\t\t<\/div>\t<\/a><\/li><li>\t<a class='lightbox-955' href='https:\/\/ottmars-holzwerkstatt.de\/wp-content\/uploads\/2020\/11\/F1C28D4C-773F-4C68-A20B-3CFEA2721F3B.jpeg'  title='' aria-haspopup='dialog' data-lightbox-gallery='gallery-955' >\t\t<div class=\"\"><img class=\"mg_lazy\" data-src=\"https:\/\/ottmars-holzwerkstatt.de\/wp-content\/uploads\/2020\/11\/F1C28D4C-773F-4C68-A20B-3CFEA2721F3B-250x250.jpeg\" width=\"250\" height=\"250\" alt=\"\" title=\"F1C28D4C-773F-4C68-A20B-3CFEA2721F3B\" \/><noscript><img src=\"https:\/\/ottmars-holzwerkstatt.de\/wp-content\/uploads\/2020\/11\/F1C28D4C-773F-4C68-A20B-3CFEA2721F3B-250x250.jpeg\" width=\"250\" height=\"250\" alt=\"\" \/><\/noscript>\t\t<\/div>\t<\/a><\/li><li>\t<a class='lightbox-955' href='https:\/\/ottmars-holzwerkstatt.de\/wp-content\/uploads\/2020\/11\/84DD9FA0-22D4-4AC3-970E-C11C372501AE.jpeg'  title='' aria-haspopup='dialog' data-lightbox-gallery='gallery-955' >\t\t<div class=\"\"><img class=\"mg_lazy\" data-src=\"https:\/\/ottmars-holzwerkstatt.de\/wp-content\/uploads\/2020\/11\/84DD9FA0-22D4-4AC3-970E-C11C372501AE-250x250.jpeg\" width=\"250\" height=\"250\" alt=\"\" title=\"84DD9FA0-22D4-4AC3-970E-C11C372501AE\" \/><noscript><img src=\"https:\/\/ottmars-holzwerkstatt.de\/wp-content\/uploads\/2020\/11\/84DD9FA0-22D4-4AC3-970E-C11C372501AE-250x250.jpeg\" width=\"250\" height=\"250\" alt=\"\" \/><\/noscript>\t\t<\/div>\t<\/a><\/li><li>\t<a class='lightbox-955' href='https:\/\/ottmars-holzwerkstatt.de\/wp-content\/uploads\/2020\/11\/9FF6E4A8-7C77-4B75-A470-4E28DDA12630.jpeg'  title='' aria-haspopup='dialog' data-lightbox-gallery='gallery-955' >\t\t<div class=\"\"><img class=\"mg_lazy\" data-src=\"https:\/\/ottmars-holzwerkstatt.de\/wp-content\/uploads\/2020\/11\/9FF6E4A8-7C77-4B75-A470-4E28DDA12630-250x250.jpeg\" width=\"250\" height=\"250\" alt=\"\" title=\"9FF6E4A8-7C77-4B75-A470-4E28DDA12630\" \/><noscript><img src=\"https:\/\/ottmars-holzwerkstatt.de\/wp-content\/uploads\/2020\/11\/9FF6E4A8-7C77-4B75-A470-4E28DDA12630-250x250.jpeg\" width=\"250\" height=\"250\" alt=\"\" \/><\/noscript>\t\t<\/div>\t<\/a><\/li><li>\t<a class='lightbox-955' href='https:\/\/ottmars-holzwerkstatt.de\/wp-content\/uploads\/2020\/11\/7603B0E1-36F1-40FF-A9FE-8AB8D50A93E2.jpeg'  title='' aria-haspopup='dialog' data-lightbox-gallery='gallery-955' >\t\t<div class=\"\"><img class=\"mg_lazy\" data-src=\"https:\/\/ottmars-holzwerkstatt.de\/wp-content\/uploads\/2020\/11\/7603B0E1-36F1-40FF-A9FE-8AB8D50A93E2-250x250.jpeg\" width=\"250\" height=\"250\" alt=\"\" title=\"7603B0E1-36F1-40FF-A9FE-8AB8D50A93E2\" \/><noscript><img src=\"https:\/\/ottmars-holzwerkstatt.de\/wp-content\/uploads\/2020\/11\/7603B0E1-36F1-40FF-A9FE-8AB8D50A93E2-250x250.jpeg\" width=\"250\" height=\"250\" alt=\"\" \/><\/noscript>\t\t<\/div>\t<\/a><\/li>\t\t<\/ul>\t\t<div class=\"clear\"><\/div>\t<\/div>\t<span style=\"display: none;\" class=\"hidden-image-tiles-gallery-id\">955<\/span>\t<span style=\"display: none;\" class=\"hidden-lightbox-skin\">none<\/span>\t<span style=\"display: none;\" class=\"hidden-lightbox-effect\">none<\/span>\t<span style=\"display: none;\" class=\"hidden-lightbox-kb-nav\">false<\/span>\t<span style=\"display: none;\" class=\"hidden-lightbox-img-click-close\">false<\/span>\t<span style=\"display: none;\" class=\"hidden-lightbox-ol-click-close\">false<\/span>\t<span style=\"display: none;\" class=\"hidden-lightbox-close-tip-text\">Close<\/span>\t<span style=\"display: none;\" class=\"hidden-lightbox-next-tip-text\">Next<\/span>\t<span style=\"display: none;\" class=\"hidden-lightbox-prev-tip-text\">Previous<\/span>\t<span style=\"display: none;\" class=\"hidden-lightbox-error-tip-text\">The requested content cannot be loaded. Please try again later.<\/span><\/div><script>\ndocument.addEventListener(\"DOMContentLoaded\", function(event) { \njQuery(\"img.mg_lazy\").lazyload({threshold : 1});\n});\n<\/script>\n\n<p>&nbsp;<\/p>\n","protected":false},"excerpt":{"rendered":"<p>&nbsp; Hier sehen Sie unser &#8222;Haus Kirchberg&#8220;, ein Vogelhaus im Tiroler Stil. Ma\u00dfe: Bodenplatte 80cm x 90cm, H\u00f6he des Hauses 60cm Preis auf Anfrage. &nbsp; (Durch Anklicken vergr\u00f6\u00dfern sich die Bilder) &nbsp;<\/p>\n","protected":false},"author":2,"featured_media":0,"parent":0,"menu_order":0,"comment_status":"closed","ping_status":"closed","template":"","meta":[],"_links":{"self":[{"href":"https:\/\/ottmars-holzwerkstatt.de\/index.php?rest_route=\/wp\/v2\/pages\/852"}],"collection":[{"href":"https:\/\/ottmars-holzwerkstatt.de\/index.php?rest_route=\/wp\/v2\/pages"}],"about":[{"href":"https:\/\/ottmars-holzwerkstatt.de\/index.php?rest_route=\/wp\/v2\/types\/page"}],"author":[{"embeddable":true,"href":"https:\/\/ottmars-holzwerkstatt.de\/index.php?rest_route=\/wp\/v2\/users\/2"}],"replies":[{"embeddable":true,"href":"https:\/\/ottmars-holzwerkstatt.de\/index.php?rest_route=%2Fwp%2Fv2%2Fcomments&post=852"}],"version-history":[{"count":10,"href":"https:\/\/ottmars-holzwerkstatt.de\/index.php?rest_route=\/wp\/v2\/pages\/852\/revisions"}],"predecessor-version":[{"id":997,"href":"https:\/\/ottmars-holzwerkstatt.de\/index.php?rest_route=\/wp\/v2\/pages\/852\/revisions\/997"}],"wp:attachment":[{"href":"https:\/\/ottmars-holzwerkstatt.de\/index.php?rest_route=%2Fwp%2Fv2%2Fmedia&parent=852"}],"curies":[{"name":"wp","href":"https:\/\/api.w.org\/{rel}","templated":true}]}}