{"id":65,"date":"2017-04-23T17:22:10","date_gmt":"2017-04-23T17:22:10","guid":{"rendered":"http:\/\/ottmars-holzwerkstatt.de\/?page_id=65"},"modified":"2020-11-14T15:19:00","modified_gmt":"2020-11-14T15:19:00","slug":"seite-3","status":"publish","type":"page","link":"https:\/\/ottmars-holzwerkstatt.de\/?page_id=65","title":{"rendered":"Schwarzwald-Vogelh\u00e4user"},"content":{"rendered":"<p><strong>Unsere Vogelh\u00e4user<\/strong><\/p>\n<p>Die Schwarzwald-Vogelh\u00e4user bestehen zu 90% aus L\u00e4rchenholz welches sehr langlebig ist. L\u00e4rchenholz ist sehr wetterbest\u00e4ndig. Daher ist eine Behandlung des Holzes nicht erforderlich. Im Laufe der Zeit erh\u00e4lt das Vogelhaus eine wunderbare Patina.<\/p>\n<p>Bei allen H\u00e4usern kann das Obergescho\u00df zum S\u00e4ubern und Transportieren abgenommen werden.<\/p>\n<p>Die D\u00e4cher bestehen aus handgeschnittenen Bitumenschindeln (5 mm).<\/p>\n<p>Jedes unserer H\u00e4user verf\u00fcgt \u00fcber liebevolle Details wie z.B. Blumenk\u00e4sten, Holzstapel und Mobiliar im Au\u00dfenbereich<strong>.<\/strong><\/p>\n<p><strong>Weitere Bilder von den verschiedenen Schwarzwald-Vogelh\u00e4usern findet ihr in\u00a0unserer Rubrik &#8222;Galerie&#8220;<\/strong><\/p>\n<p>&nbsp;<\/p>\n<p><img decoding=\"async\" loading=\"lazy\" class=\" wp-image-175\" src=\"http:\/\/ottmars-holzwerkstatt.de\/wp-content\/uploads\/2017\/05\/HausWiedenklein2.jpg\" alt=\"\" width=\"379\" height=\"252\" srcset=\"https:\/\/ottmars-holzwerkstatt.de\/wp-content\/uploads\/2017\/05\/HausWiedenklein2.jpg 2592w, https:\/\/ottmars-holzwerkstatt.de\/wp-content\/uploads\/2017\/05\/HausWiedenklein2-300x200.jpg 300w, https:\/\/ottmars-holzwerkstatt.de\/wp-content\/uploads\/2017\/05\/HausWiedenklein2-768x512.jpg 768w, https:\/\/ottmars-holzwerkstatt.de\/wp-content\/uploads\/2017\/05\/HausWiedenklein2-1024x683.jpg 1024w, https:\/\/ottmars-holzwerkstatt.de\/wp-content\/uploads\/2017\/05\/HausWiedenklein2-1000x667.jpg 1000w, https:\/\/ottmars-holzwerkstatt.de\/wp-content\/uploads\/2017\/05\/HausWiedenklein2-450x300.jpg 450w\" sizes=\"(max-width: 379px) 100vw, 379px\" \/><\/p>\n","protected":false},"excerpt":{"rendered":"<p>Unsere Vogelh\u00e4user Die Schwarzwald-Vogelh\u00e4user bestehen zu 90% aus L\u00e4rchenholz welches sehr langlebig ist. L\u00e4rchenholz ist sehr wetterbest\u00e4ndig. Daher ist eine Behandlung des Holzes nicht erforderlich. Im Laufe der Zeit erh\u00e4lt das Vogelhaus eine wunderbare Patina. Bei allen H\u00e4usern kann das&#8230; <a class=\"more-link\" href=\"https:\/\/ottmars-holzwerkstatt.de\/?page_id=65\">Weiterlesen &rarr;<\/a><\/p>\n","protected":false},"author":1,"featured_media":0,"parent":0,"menu_order":0,"comment_status":"closed","ping_status":"closed","template":"","meta":[],"_links":{"self":[{"href":"https:\/\/ottmars-holzwerkstatt.de\/index.php?rest_route=\/wp\/v2\/pages\/65"}],"collection":[{"href":"https:\/\/ottmars-holzwerkstatt.de\/index.php?rest_route=\/wp\/v2\/pages"}],"about":[{"href":"https:\/\/ottmars-holzwerkstatt.de\/index.php?rest_route=\/wp\/v2\/types\/page"}],"author":[{"embeddable":true,"href":"https:\/\/ottmars-holzwerkstatt.de\/index.php?rest_route=\/wp\/v2\/users\/1"}],"replies":[{"embeddable":true,"href":"https:\/\/ottmars-holzwerkstatt.de\/index.php?rest_route=%2Fwp%2Fv2%2Fcomments&post=65"}],"version-history":[{"count":10,"href":"https:\/\/ottmars-holzwerkstatt.de\/index.php?rest_route=\/wp\/v2\/pages\/65\/revisions"}],"predecessor-version":[{"id":938,"href":"https:\/\/ottmars-holzwerkstatt.de\/index.php?rest_route=\/wp\/v2\/pages\/65\/revisions\/938"}],"wp:attachment":[{"href":"https:\/\/ottmars-holzwerkstatt.de\/index.php?rest_route=%2Fwp%2Fv2%2Fmedia&parent=65"}],"curies":[{"name":"wp","href":"https:\/\/api.w.org\/{rel}","templated":true}]}}