{"id":517,"date":"2017-07-23T09:28:26","date_gmt":"2017-07-23T09:28:26","guid":{"rendered":"http:\/\/ottmars-holzwerkstatt.de\/?page_id=517"},"modified":"2020-11-14T17:32:53","modified_gmt":"2020-11-14T17:32:53","slug":"ferienwohnung","status":"publish","type":"page","link":"https:\/\/ottmars-holzwerkstatt.de\/?page_id=517","title":{"rendered":"Ferienwohnung"},"content":{"rendered":"<p style=\"text-align: center;\"><strong>Herzlich willkommen in unserer gem\u00fctlich eingerichteten Ferienwohnung mit eigener Sauna.<\/strong><\/p>\n<p style=\"text-align: center;\"><strong><img decoding=\"async\" loading=\"lazy\" class=\"alignnone wp-image-471\" src=\"http:\/\/ottmars-holzwerkstatt.de\/wp-content\/uploads\/2017\/07\/IMG_9260.jpg\" alt=\"\" width=\"221\" height=\"166\" srcset=\"https:\/\/ottmars-holzwerkstatt.de\/wp-content\/uploads\/2017\/07\/IMG_9260.jpg 1024w, https:\/\/ottmars-holzwerkstatt.de\/wp-content\/uploads\/2017\/07\/IMG_9260-300x225.jpg 300w, https:\/\/ottmars-holzwerkstatt.de\/wp-content\/uploads\/2017\/07\/IMG_9260-768x576.jpg 768w, https:\/\/ottmars-holzwerkstatt.de\/wp-content\/uploads\/2017\/07\/IMG_9260-1000x750.jpg 1000w, https:\/\/ottmars-holzwerkstatt.de\/wp-content\/uploads\/2017\/07\/IMG_9260-400x300.jpg 400w\" sizes=\"(max-width: 221px) 100vw, 221px\" \/> \u00a0 \u00a0 \u00a0 \u00a0 \u00a0 \u00a0 \u00a0 <img decoding=\"async\" loading=\"lazy\" class=\"wp-image-467 alignnone\" src=\"http:\/\/ottmars-holzwerkstatt.de\/wp-content\/uploads\/2017\/07\/DSC05137.jpg\" alt=\"\" width=\"219\" height=\"165\" srcset=\"https:\/\/ottmars-holzwerkstatt.de\/wp-content\/uploads\/2017\/07\/DSC05137.jpg 2048w, https:\/\/ottmars-holzwerkstatt.de\/wp-content\/uploads\/2017\/07\/DSC05137-300x225.jpg 300w, https:\/\/ottmars-holzwerkstatt.de\/wp-content\/uploads\/2017\/07\/DSC05137-768x576.jpg 768w, https:\/\/ottmars-holzwerkstatt.de\/wp-content\/uploads\/2017\/07\/DSC05137-1024x768.jpg 1024w, https:\/\/ottmars-holzwerkstatt.de\/wp-content\/uploads\/2017\/07\/DSC05137-1000x750.jpg 1000w, https:\/\/ottmars-holzwerkstatt.de\/wp-content\/uploads\/2017\/07\/DSC05137-400x300.jpg 400w\" sizes=\"(max-width: 219px) 100vw, 219px\" \/><br \/>\n<\/strong><\/p>\n<p style=\"text-align: center;\"><img decoding=\"async\" loading=\"lazy\" class=\"\" src=\"http:\/\/ottmars-holzwerkstatt.de\/wp-content\/uploads\/2020\/01\/5CBE979B-69D1-4347-9478-35A557FA9D67.jpeg\" width=\"197\" height=\"185\" \/><\/p>\n<p style=\"text-align: center;\"><strong><em>In unserer Galerie k\u00f6nnen Sie sich in der Rubrik &#8222;Ferienwohnung&#8220; weitere Bilder anschauen.<\/em><\/strong><\/p>\n<p>Unsere 48 m\u00b2 gro\u00dfe Unterkunft bietet Platz f\u00fcr max. 4 Personen und befindet sich in ruhiger Lage in Ulmet.<\/p>\n<p>Die Ferienwohnung wurde in einer ehemaligen Scheune liebevoll mit vielen Details aus unserer Holzwerkstatt eingerichtet. Teilweise selbstgemachte M\u00f6bel und stilvolle Accessoires, ein Bullerjan Ofen und eine gem\u00fctliche Sauna verleihen der Wohnung das besondere Flair. Hier k\u00f6nnen Sie sich richtig wohlf\u00fchlen.<\/p>\n<p>Unsere Ferienwohnung verf\u00fcgt \u00fcber einen ger\u00e4umigen Schlaf- und Wohnraum mit einem Doppelbett und einer Schlafcouch mit Lattenrost, eine voll ausgestattete K\u00fcche, sowie einen Sanit\u00e4rbereich mit Dusche und separater Toilette.<\/p>\n<p>Eine \u00fcberdachte Terrasse mit Gartenm\u00f6beln, sch\u00f6nen Pflanzen und dem angrenzenden, kleinen Teich bietet die Gelegenheit, bei gem\u00fctlichem Zusammensein laue Sommern\u00e4chte zu genie\u00dfen.<\/p>\n<p>Ab zwei \u00dcbernachtungen in unserer Ferienwohnung bieten wir nach Absprache gegen einen geringen Unkostenbeitrag sehr gerne einen Spaziergang mit unseren Alpakas Sancho, Apollo und Toni.<\/p>\n<p>Unsere Ferienwohnung steht Ihnen von April bis Oktober zur Verf\u00fcgung.<\/p>\n<p>&nbsp;<\/p>\n<p><strong>Unser Ort bietet Ihnen:<\/strong><\/p>\n<p>&#8211; Metzgerei<\/p>\n<p>&#8211; Gastronomie: Gasthaus zum Steinernen Mann, Restaurant Hellas, Waldhotel Felschbachhof<\/p>\n<p>&nbsp;<\/p>\n<p><strong>Freizeitangebote:<\/strong><\/p>\n<p>&#8211; Veldenzwanderweg<\/p>\n<p>&#8211; Burg Lichtenberg<\/p>\n<p>&#8211; Glan Blies- Radweg<\/p>\n<p>&#8211; Remigiusberg<\/p>\n<p>&#8211; Wildpark Potzberg mit Greifvogelschau<\/p>\n<p>&#8211; Draisinenfahrt<\/p>\n<p>&#8211; Freizeitbad Altenglan<\/p>\n<p>&nbsp;<\/p>\n<p style=\"text-align: center;\">Weitere Informationen erhalten Sie auf Anfrage.<\/p>\n<p style=\"text-align: center;\">Wir freuen uns auf Ihren Besuch!<\/p>\n<p><strong>\u00a0<\/strong><\/p>\n<p>&nbsp;<\/p>\n","protected":false},"excerpt":{"rendered":"<p>Herzlich willkommen in unserer gem\u00fctlich eingerichteten Ferienwohnung mit eigener Sauna. \u00a0 \u00a0 \u00a0 \u00a0 \u00a0 \u00a0 \u00a0 In unserer Galerie k\u00f6nnen Sie sich in der Rubrik &#8222;Ferienwohnung&#8220; weitere Bilder anschauen. Unsere 48 m\u00b2 gro\u00dfe Unterkunft bietet Platz f\u00fcr max. 4&#8230; <a class=\"more-link\" href=\"https:\/\/ottmars-holzwerkstatt.de\/?page_id=517\">Weiterlesen &rarr;<\/a><\/p>\n","protected":false},"author":2,"featured_media":0,"parent":0,"menu_order":0,"comment_status":"closed","ping_status":"closed","template":"","meta":[],"_links":{"self":[{"href":"https:\/\/ottmars-holzwerkstatt.de\/index.php?rest_route=\/wp\/v2\/pages\/517"}],"collection":[{"href":"https:\/\/ottmars-holzwerkstatt.de\/index.php?rest_route=\/wp\/v2\/pages"}],"about":[{"href":"https:\/\/ottmars-holzwerkstatt.de\/index.php?rest_route=\/wp\/v2\/types\/page"}],"author":[{"embeddable":true,"href":"https:\/\/ottmars-holzwerkstatt.de\/index.php?rest_route=\/wp\/v2\/users\/2"}],"replies":[{"embeddable":true,"href":"https:\/\/ottmars-holzwerkstatt.de\/index.php?rest_route=%2Fwp%2Fv2%2Fcomments&post=517"}],"version-history":[{"count":15,"href":"https:\/\/ottmars-holzwerkstatt.de\/index.php?rest_route=\/wp\/v2\/pages\/517\/revisions"}],"predecessor-version":[{"id":1034,"href":"https:\/\/ottmars-holzwerkstatt.de\/index.php?rest_route=\/wp\/v2\/pages\/517\/revisions\/1034"}],"wp:attachment":[{"href":"https:\/\/ottmars-holzwerkstatt.de\/index.php?rest_route=%2Fwp%2Fv2%2Fmedia&parent=517"}],"curies":[{"name":"wp","href":"https:\/\/api.w.org\/{rel}","templated":true}]}}