{"id":391,"date":"2017-06-10T09:27:42","date_gmt":"2017-06-10T09:27:42","guid":{"rendered":"http:\/\/ottmars-holzwerkstatt.de\/?page_id=391"},"modified":"2020-11-14T16:54:26","modified_gmt":"2020-11-14T16:54:26","slug":"galerie-holzstaender","status":"publish","type":"page","link":"https:\/\/ottmars-holzwerkstatt.de\/?page_id=391","title":{"rendered":"Galerie &#8211; Holzst\u00e4nder"},"content":{"rendered":"<div id=\"maxgallery-373\" class=\"mg-image-tiles slim-frame\">\t<div class=\"mg-thumbs mg-fourcol\">\t\t<ul><li>\t<a class='lightbox-373' href='https:\/\/ottmars-holzwerkstatt.de\/wp-content\/uploads\/2017\/07\/DSC05138.jpg'  title='' aria-haspopup='dialog' data-lightbox-gallery='gallery-373' >\t\t<div class=\"\"><img class=\"mg_lazy\" data-src=\"https:\/\/ottmars-holzwerkstatt.de\/wp-content\/uploads\/2017\/07\/DSC05138-250x250.jpg\" width=\"250\" height=\"250\" alt=\"\" title=\"DSC05138\" \/><noscript><img src=\"https:\/\/ottmars-holzwerkstatt.de\/wp-content\/uploads\/2017\/07\/DSC05138-250x250.jpg\" width=\"250\" height=\"250\" alt=\"\" \/><\/noscript>\t\t<\/div>\t<\/a><\/li><li>\t<a class='lightbox-373' href='https:\/\/ottmars-holzwerkstatt.de\/wp-content\/uploads\/2017\/07\/DSC05140.jpg'  title='' aria-haspopup='dialog' data-lightbox-gallery='gallery-373' >\t\t<div class=\"\"><img class=\"mg_lazy\" data-src=\"https:\/\/ottmars-holzwerkstatt.de\/wp-content\/uploads\/2017\/07\/DSC05140-250x250.jpg\" width=\"250\" height=\"250\" alt=\"\" title=\"DSC05140\" \/><noscript><img src=\"https:\/\/ottmars-holzwerkstatt.de\/wp-content\/uploads\/2017\/07\/DSC05140-250x250.jpg\" width=\"250\" height=\"250\" alt=\"\" \/><\/noscript>\t\t<\/div>\t<\/a><\/li><li>\t<a class='lightbox-373' href='https:\/\/ottmars-holzwerkstatt.de\/wp-content\/uploads\/2017\/05\/M\u00fcnstertalKlein4.jpg'  title='' aria-haspopup='dialog' data-lightbox-gallery='gallery-373' >\t\t<div class=\"\"><img class=\"mg_lazy\" data-src=\"https:\/\/ottmars-holzwerkstatt.de\/wp-content\/uploads\/2017\/05\/M\u00fcnstertalKlein4-250x250.jpg\" width=\"250\" height=\"250\" alt=\"\" title=\"Holzst\u00e4nder\" \/><noscript><img src=\"https:\/\/ottmars-holzwerkstatt.de\/wp-content\/uploads\/2017\/05\/M\u00fcnstertalKlein4-250x250.jpg\" width=\"250\" height=\"250\" alt=\"\" \/><\/noscript>\t\t<\/div>\t<\/a><\/li>\t\t<\/ul>\t\t<div class=\"clear\"><\/div>\t<\/div>\t<span style=\"display: none;\" class=\"hidden-image-tiles-gallery-id\">373<\/span>\t<span style=\"display: none;\" class=\"hidden-lightbox-skin\">none<\/span>\t<span style=\"display: none;\" class=\"hidden-lightbox-effect\">none<\/span>\t<span style=\"display: none;\" class=\"hidden-lightbox-kb-nav\">false<\/span>\t<span style=\"display: none;\" class=\"hidden-lightbox-img-click-close\">false<\/span>\t<span style=\"display: none;\" class=\"hidden-lightbox-ol-click-close\">false<\/span>\t<span style=\"display: none;\" class=\"hidden-lightbox-close-tip-text\">Close<\/span>\t<span style=\"display: none;\" class=\"hidden-lightbox-next-tip-text\">Next<\/span>\t<span style=\"display: none;\" class=\"hidden-lightbox-prev-tip-text\">Previous<\/span>\t<span style=\"display: none;\" class=\"hidden-lightbox-error-tip-text\">The requested content cannot be loaded. Please try again later.<\/span><\/div><script>\ndocument.addEventListener(\"DOMContentLoaded\", function(event) { \njQuery(\"img.mg_lazy\").lazyload({threshold : 1});\n});\n<\/script>\n\n<p>&nbsp;<\/p>\n<p>Die stabilen Holzst\u00e4nder bestehen ebenfalls aus unbehandelten L\u00e4rchenbalken 9\u00d79 cm.<\/p>\n<p>Preis auf Anfrage.<\/p>\n","protected":false},"excerpt":{"rendered":"<p>&nbsp; Die stabilen Holzst\u00e4nder bestehen ebenfalls aus unbehandelten L\u00e4rchenbalken 9\u00d79 cm. Preis auf Anfrage.<\/p>\n","protected":false},"author":1,"featured_media":0,"parent":0,"menu_order":0,"comment_status":"closed","ping_status":"closed","template":"","meta":[],"_links":{"self":[{"href":"https:\/\/ottmars-holzwerkstatt.de\/index.php?rest_route=\/wp\/v2\/pages\/391"}],"collection":[{"href":"https:\/\/ottmars-holzwerkstatt.de\/index.php?rest_route=\/wp\/v2\/pages"}],"about":[{"href":"https:\/\/ottmars-holzwerkstatt.de\/index.php?rest_route=\/wp\/v2\/types\/page"}],"author":[{"embeddable":true,"href":"https:\/\/ottmars-holzwerkstatt.de\/index.php?rest_route=\/wp\/v2\/users\/1"}],"replies":[{"embeddable":true,"href":"https:\/\/ottmars-holzwerkstatt.de\/index.php?rest_route=%2Fwp%2Fv2%2Fcomments&post=391"}],"version-history":[{"count":4,"href":"https:\/\/ottmars-holzwerkstatt.de\/index.php?rest_route=\/wp\/v2\/pages\/391\/revisions"}],"predecessor-version":[{"id":1002,"href":"https:\/\/ottmars-holzwerkstatt.de\/index.php?rest_route=\/wp\/v2\/pages\/391\/revisions\/1002"}],"wp:attachment":[{"href":"https:\/\/ottmars-holzwerkstatt.de\/index.php?rest_route=%2Fwp%2Fv2%2Fmedia&parent=391"}],"curies":[{"name":"wp","href":"https:\/\/api.w.org\/{rel}","templated":true}]}}