{"id":385,"date":"2017-06-10T09:26:40","date_gmt":"2017-06-10T09:26:40","guid":{"rendered":"http:\/\/ottmars-holzwerkstatt.de\/?page_id=385"},"modified":"2020-11-14T16:52:57","modified_gmt":"2020-11-14T16:52:57","slug":"galerie-haus-wieden-gross","status":"publish","type":"page","link":"https:\/\/ottmars-holzwerkstatt.de\/?page_id=385","title":{"rendered":"Galerie &#8211; Haus Wieden (gro\u00df)"},"content":{"rendered":"<div id=\"maxgallery-371\" class=\"mg-image-tiles slim-frame\">\t<div class=\"mg-thumbs mg-threecol\">\t\t<ul><li>\t<a class='lightbox-371' href='https:\/\/ottmars-holzwerkstatt.de\/wp-content\/uploads\/2017\/05\/HausWiedengro\u00df.jpg'  title='' aria-haspopup='dialog' data-lightbox-gallery='gallery-371' >\t\t<div class=\"\"><img class=\"mg_lazy\" data-src=\"https:\/\/ottmars-holzwerkstatt.de\/wp-content\/uploads\/2017\/05\/HausWiedengro\u00df-400x400.jpg\" width=\"400\" height=\"400\" alt=\"\" title=\"HausWiedengro\u00df\" \/><noscript><img src=\"https:\/\/ottmars-holzwerkstatt.de\/wp-content\/uploads\/2017\/05\/HausWiedengro\u00df-400x400.jpg\" width=\"400\" height=\"400\" alt=\"\" \/><\/noscript>\t\t<\/div>\t<\/a><\/li><li>\t<a class='lightbox-371' href='https:\/\/ottmars-holzwerkstatt.de\/wp-content\/uploads\/2017\/05\/HausWiedengro\u00df1.jpg'  title='' aria-haspopup='dialog' data-lightbox-gallery='gallery-371' >\t\t<div class=\"\"><img class=\"mg_lazy\" data-src=\"https:\/\/ottmars-holzwerkstatt.de\/wp-content\/uploads\/2017\/05\/HausWiedengro\u00df1-400x400.jpg\" width=\"400\" height=\"400\" alt=\"\" title=\"HausWiedengro\u00df1\" \/><noscript><img src=\"https:\/\/ottmars-holzwerkstatt.de\/wp-content\/uploads\/2017\/05\/HausWiedengro\u00df1-400x400.jpg\" width=\"400\" height=\"400\" alt=\"\" \/><\/noscript>\t\t<\/div>\t<\/a><\/li><li>\t<a class='lightbox-371' href='https:\/\/ottmars-holzwerkstatt.de\/wp-content\/uploads\/2017\/05\/HausWiedengro\u00df2.jpg'  title='' aria-haspopup='dialog' data-lightbox-gallery='gallery-371' >\t\t<div class=\"\"><img class=\"mg_lazy\" data-src=\"https:\/\/ottmars-holzwerkstatt.de\/wp-content\/uploads\/2017\/05\/HausWiedengro\u00df2-400x400.jpg\" width=\"400\" height=\"400\" alt=\"\" title=\"HausWiedengro\u00df2\" \/><noscript><img src=\"https:\/\/ottmars-holzwerkstatt.de\/wp-content\/uploads\/2017\/05\/HausWiedengro\u00df2-400x400.jpg\" width=\"400\" height=\"400\" alt=\"\" \/><\/noscript>\t\t<\/div>\t<\/a><\/li><li>\t<a class='lightbox-371' href='https:\/\/ottmars-holzwerkstatt.de\/wp-content\/uploads\/2017\/05\/HausWiedengro\u00df3.jpg'  title='' aria-haspopup='dialog' data-lightbox-gallery='gallery-371' >\t\t<div class=\"\"><img class=\"mg_lazy\" data-src=\"https:\/\/ottmars-holzwerkstatt.de\/wp-content\/uploads\/2017\/05\/HausWiedengro\u00df3-400x400.jpg\" width=\"400\" height=\"400\" alt=\"\" title=\"HausWiedengro\u00df3\" \/><noscript><img src=\"https:\/\/ottmars-holzwerkstatt.de\/wp-content\/uploads\/2017\/05\/HausWiedengro\u00df3-400x400.jpg\" width=\"400\" height=\"400\" alt=\"\" \/><\/noscript>\t\t<\/div>\t<\/a><\/li>\t\t<\/ul>\t\t<div class=\"clear\"><\/div>\t<\/div>\t<span style=\"display: none;\" class=\"hidden-image-tiles-gallery-id\">371<\/span>\t<span style=\"display: none;\" class=\"hidden-lightbox-skin\">none<\/span>\t<span style=\"display: none;\" class=\"hidden-lightbox-effect\">none<\/span>\t<span style=\"display: none;\" class=\"hidden-lightbox-kb-nav\">false<\/span>\t<span style=\"display: none;\" class=\"hidden-lightbox-img-click-close\">false<\/span>\t<span style=\"display: none;\" class=\"hidden-lightbox-ol-click-close\">false<\/span>\t<span style=\"display: none;\" class=\"hidden-lightbox-close-tip-text\">Close<\/span>\t<span style=\"display: none;\" class=\"hidden-lightbox-next-tip-text\">Next<\/span>\t<span style=\"display: none;\" class=\"hidden-lightbox-prev-tip-text\">Previous<\/span>\t<span style=\"display: none;\" class=\"hidden-lightbox-error-tip-text\">The requested content cannot be loaded. Please try again later.<\/span><\/div><script>\ndocument.addEventListener(\"DOMContentLoaded\", function(event) { \njQuery(\"img.mg_lazy\").lazyload({threshold : 1});\n});\n<\/script>\n\n<p>&nbsp;<\/p>\n<p>Dies ist unser zweitgr\u00f6\u00dftes Vogelhaus. Es ist die kleine Version eines Schwarzwaldhauses in\u00a0 Wieden (Schauinsland) im S\u00fcdschwarzwald .<\/p>\n<p>Das Vogelhaus ist in liebevoller Handarbeit aus 412 Holzeinzelteilen erbaut .Es verf\u00fcgt \u00fcber 20 typische Schwarzwaldfenster und hat f\u00fcnf Einflugt\u00fcren f\u00fcr die V\u00f6gel.<\/p>\n<p>Das Dach besteht aus 313 handgeschnittenen 5 mm starken Bitumenschindeln mit Besandung.<\/p>\n<p>Ma\u00dfe:\u00a0 L\/B\/H : 80\/70\/60 cm.<\/p>\n<p>&nbsp;<\/p>\n<p>Preis auf Anfrage.<\/p>\n<p>&nbsp;<\/p>\n","protected":false},"excerpt":{"rendered":"<p>&nbsp; Dies ist unser zweitgr\u00f6\u00dftes Vogelhaus. Es ist die kleine Version eines Schwarzwaldhauses in\u00a0 Wieden (Schauinsland) im S\u00fcdschwarzwald . Das Vogelhaus ist in liebevoller Handarbeit aus 412 Holzeinzelteilen erbaut .Es verf\u00fcgt \u00fcber 20 typische Schwarzwaldfenster und hat f\u00fcnf Einflugt\u00fcren f\u00fcr&#8230; <a class=\"more-link\" href=\"https:\/\/ottmars-holzwerkstatt.de\/?page_id=385\">Weiterlesen &rarr;<\/a><\/p>\n","protected":false},"author":1,"featured_media":0,"parent":0,"menu_order":0,"comment_status":"closed","ping_status":"closed","template":"","meta":[],"_links":{"self":[{"href":"https:\/\/ottmars-holzwerkstatt.de\/index.php?rest_route=\/wp\/v2\/pages\/385"}],"collection":[{"href":"https:\/\/ottmars-holzwerkstatt.de\/index.php?rest_route=\/wp\/v2\/pages"}],"about":[{"href":"https:\/\/ottmars-holzwerkstatt.de\/index.php?rest_route=\/wp\/v2\/types\/page"}],"author":[{"embeddable":true,"href":"https:\/\/ottmars-holzwerkstatt.de\/index.php?rest_route=\/wp\/v2\/users\/1"}],"replies":[{"embeddable":true,"href":"https:\/\/ottmars-holzwerkstatt.de\/index.php?rest_route=%2Fwp%2Fv2%2Fcomments&post=385"}],"version-history":[{"count":7,"href":"https:\/\/ottmars-holzwerkstatt.de\/index.php?rest_route=\/wp\/v2\/pages\/385\/revisions"}],"predecessor-version":[{"id":999,"href":"https:\/\/ottmars-holzwerkstatt.de\/index.php?rest_route=\/wp\/v2\/pages\/385\/revisions\/999"}],"wp:attachment":[{"href":"https:\/\/ottmars-holzwerkstatt.de\/index.php?rest_route=%2Fwp%2Fv2%2Fmedia&parent=385"}],"curies":[{"name":"wp","href":"https:\/\/api.w.org\/{rel}","templated":true}]}}