{"id":219,"date":"2017-05-04T10:38:50","date_gmt":"2017-05-04T10:38:50","guid":{"rendered":"http:\/\/ottmars-holzwerkstatt.de\/?page_id=219"},"modified":"2020-11-14T16:55:34","modified_gmt":"2020-11-14T16:55:34","slug":"haus-muenstertal-klein","status":"publish","type":"page","link":"https:\/\/ottmars-holzwerkstatt.de\/?page_id=219","title":{"rendered":"Haus M\u00fcnstertal"},"content":{"rendered":"<p><em>(Durch Anklicken vergr\u00f6\u00dfern sich die Bilder)<\/em><\/p>\n<div id=\"maxgallery-368\" class=\"mg-image-tiles slim-frame\">\t<div class=\"mg-thumbs mg-fivecol\">\t\t<ul><li>\t<a class='lightbox-368' href='https:\/\/ottmars-holzwerkstatt.de\/wp-content\/uploads\/2017\/05\/M\u00fcnstertalKlein.jpg'  title='' aria-haspopup='dialog' data-lightbox-gallery='gallery-368' >\t\t<div class=\"\"><img class=\"mg_lazy\" data-src=\"https:\/\/ottmars-holzwerkstatt.de\/wp-content\/uploads\/2017\/05\/M\u00fcnstertalKlein-200x200.jpg\" width=\"200\" height=\"200\" alt=\"\" title=\"M\u00fcnstertalKlein\" \/><noscript><img src=\"https:\/\/ottmars-holzwerkstatt.de\/wp-content\/uploads\/2017\/05\/M\u00fcnstertalKlein-200x200.jpg\" width=\"200\" height=\"200\" alt=\"\" \/><\/noscript>\t\t<\/div>\t<\/a><\/li><li>\t<a class='lightbox-368' href='https:\/\/ottmars-holzwerkstatt.de\/wp-content\/uploads\/2017\/05\/M\u00fcnstertalKlein1.jpg'  title='' aria-haspopup='dialog' data-lightbox-gallery='gallery-368' >\t\t<div class=\"\"><img class=\"mg_lazy\" data-src=\"https:\/\/ottmars-holzwerkstatt.de\/wp-content\/uploads\/2017\/05\/M\u00fcnstertalKlein1-200x200.jpg\" width=\"200\" height=\"200\" alt=\"\" title=\"M\u00fcnstertalKlein1\" \/><noscript><img src=\"https:\/\/ottmars-holzwerkstatt.de\/wp-content\/uploads\/2017\/05\/M\u00fcnstertalKlein1-200x200.jpg\" width=\"200\" height=\"200\" alt=\"\" \/><\/noscript>\t\t<\/div>\t<\/a><\/li><li>\t<a class='lightbox-368' href='https:\/\/ottmars-holzwerkstatt.de\/wp-content\/uploads\/2017\/05\/M\u00fcnstertalKlein2.jpg'  title='' aria-haspopup='dialog' data-lightbox-gallery='gallery-368' >\t\t<div class=\"\"><img class=\"mg_lazy\" data-src=\"https:\/\/ottmars-holzwerkstatt.de\/wp-content\/uploads\/2017\/05\/M\u00fcnstertalKlein2-200x200.jpg\" width=\"200\" height=\"200\" alt=\"\" title=\"M\u00fcnstertalKlein2\" \/><noscript><img src=\"https:\/\/ottmars-holzwerkstatt.de\/wp-content\/uploads\/2017\/05\/M\u00fcnstertalKlein2-200x200.jpg\" width=\"200\" height=\"200\" alt=\"\" \/><\/noscript>\t\t<\/div>\t<\/a><\/li>\t\t<\/ul>\t\t<div class=\"clear\"><\/div>\t<\/div>\t<span style=\"display: none;\" class=\"hidden-image-tiles-gallery-id\">368<\/span>\t<span style=\"display: none;\" class=\"hidden-lightbox-skin\">none<\/span>\t<span style=\"display: none;\" class=\"hidden-lightbox-effect\">none<\/span>\t<span style=\"display: none;\" class=\"hidden-lightbox-kb-nav\">true<\/span>\t<span style=\"display: none;\" class=\"hidden-lightbox-img-click-close\">true<\/span>\t<span style=\"display: none;\" class=\"hidden-lightbox-ol-click-close\">true<\/span>\t<span style=\"display: none;\" class=\"hidden-lightbox-close-tip-text\">Close<\/span>\t<span style=\"display: none;\" class=\"hidden-lightbox-next-tip-text\">Next<\/span>\t<span style=\"display: none;\" class=\"hidden-lightbox-prev-tip-text\">Previous<\/span>\t<span style=\"display: none;\" class=\"hidden-lightbox-error-tip-text\">The requested content cannot be loaded. Please try again later.<\/span><\/div><script>\ndocument.addEventListener(\"DOMContentLoaded\", function(event) { \njQuery(\"img.mg_lazy\").lazyload({threshold : 1});\n});\n<\/script>\n\n<p>Als Vorlage f\u00fcr unser Vogelhaus diente der <em>Kaltwasserhof<\/em> \u00a0im M\u00fcnstertal, ehemalige Filmkulisse zum Dokumentarfilm\u00a0 \u201cSchwarzwaldhaus 1902\u201c.<\/p>\n<p>Das Haus M\u00fcnstertal (klein) besteht aus 214 einzelnen Holzteilen und 374 Bitumenschindeln.<\/p>\n<p>Ma\u00dfe: L\/B\/H 80\/60\/70 cm.<\/p>\n<p>Dachschindeln : 374.<\/p>\n<p>Holzteile : 214.<\/p>\n<p>Preis auf Anfrage.<\/p>\n<p>&nbsp;<\/p>\n","protected":false},"excerpt":{"rendered":"<p>(Durch Anklicken vergr\u00f6\u00dfern sich die Bilder) Als Vorlage f\u00fcr unser Vogelhaus diente der Kaltwasserhof \u00a0im M\u00fcnstertal, ehemalige Filmkulisse zum Dokumentarfilm\u00a0 \u201cSchwarzwaldhaus 1902\u201c. Das Haus M\u00fcnstertal (klein) besteht aus 214 einzelnen Holzteilen und 374 Bitumenschindeln. Ma\u00dfe: L\/B\/H 80\/60\/70 cm. Dachschindeln :&#8230; <a class=\"more-link\" href=\"https:\/\/ottmars-holzwerkstatt.de\/?page_id=219\">Weiterlesen &rarr;<\/a><\/p>\n","protected":false},"author":2,"featured_media":0,"parent":0,"menu_order":0,"comment_status":"closed","ping_status":"closed","template":"","meta":[],"_links":{"self":[{"href":"https:\/\/ottmars-holzwerkstatt.de\/index.php?rest_route=\/wp\/v2\/pages\/219"}],"collection":[{"href":"https:\/\/ottmars-holzwerkstatt.de\/index.php?rest_route=\/wp\/v2\/pages"}],"about":[{"href":"https:\/\/ottmars-holzwerkstatt.de\/index.php?rest_route=\/wp\/v2\/types\/page"}],"author":[{"embeddable":true,"href":"https:\/\/ottmars-holzwerkstatt.de\/index.php?rest_route=\/wp\/v2\/users\/2"}],"replies":[{"embeddable":true,"href":"https:\/\/ottmars-holzwerkstatt.de\/index.php?rest_route=%2Fwp%2Fv2%2Fcomments&post=219"}],"version-history":[{"count":12,"href":"https:\/\/ottmars-holzwerkstatt.de\/index.php?rest_route=\/wp\/v2\/pages\/219\/revisions"}],"predecessor-version":[{"id":1005,"href":"https:\/\/ottmars-holzwerkstatt.de\/index.php?rest_route=\/wp\/v2\/pages\/219\/revisions\/1005"}],"wp:attachment":[{"href":"https:\/\/ottmars-holzwerkstatt.de\/index.php?rest_route=%2Fwp%2Fv2%2Fmedia&parent=219"}],"curies":[{"name":"wp","href":"https:\/\/api.w.org\/{rel}","templated":true}]}}